{"id":150,"date":"2025-04-22T22:00:30","date_gmt":"2025-04-22T20:00:30","guid":{"rendered":"http:\/\/localhost:8888\/symphonie_equitable\/?page_id=150"},"modified":"2026-03-09T20:00:40","modified_gmt":"2026-03-09T19:00:40","slug":"les-lieux-daccueil","status":"publish","type":"page","link":"https:\/\/www.symphonie-equitable.fr\/index.php\/les-lieux-daccueil\/","title":{"rendered":"Le lieu d&rsquo;accueil"},"content":{"rendered":"<p>[et_pb_section fb_built=\u00a0\u00bb1&Prime; _builder_version=\u00a0\u00bb4.27.4&Prime; _module_preset=\u00a0\u00bbdefault\u00a0\u00bb background_color=\u00a0\u00bb#ffb57d\u00a0\u00bb custom_padding=\u00a0\u00bb0px|0px|0px|0px|false|false\u00a0\u00bb global_colors_info=\u00a0\u00bb{}\u00a0\u00bb][et_pb_row column_structure=\u00a0\u00bb3_5,2_5&Prime; use_custom_gutter=\u00a0\u00bbon\u00a0\u00bb gutter_width=\u00a0\u00bb1&Prime; make_equal=\u00a0\u00bbon\u00a0\u00bb _builder_version=\u00a0\u00bb4.27.4&Prime; _module_preset=\u00a0\u00bbdefault\u00a0\u00bb width=\u00a0\u00bb100%\u00a0\u00bb max_width=\u00a0\u00bb100%\u00a0\u00bb custom_padding=\u00a0\u00bb0px||0px||false|false\u00a0\u00bb custom_css_main_element=\u00a0\u00bbalign-items: center;\u00a0\u00bb global_colors_info=\u00a0\u00bb{}\u00a0\u00bb][et_pb_column type=\u00a0\u00bb3_5&Prime; _builder_version=\u00a0\u00bb4.27.4&Prime; _module_preset=\u00a0\u00bbdefault\u00a0\u00bb global_colors_info=\u00a0\u00bb{}\u00a0\u00bb][et_pb_image src=\u00a0\u00bbhttps:\/\/www.symphonie-equitable.fr\/wp-content\/uploads\/2025\/05\/moulin.jpg\u00a0\u00bb title_text=\u00a0\u00bbmoulin\u00a0\u00bb _builder_version=\u00a0\u00bb4.27.4&Prime; _module_preset=\u00a0\u00bbdefault\u00a0\u00bb global_colors_info=\u00a0\u00bb{}\u00a0\u00bb][\/et_pb_image][\/et_pb_column][et_pb_column type=\u00a0\u00bb2_5&Prime; _builder_version=\u00a0\u00bb4.27.4&Prime; _module_preset=\u00a0\u00bbdefault\u00a0\u00bb custom_padding=\u00a0\u00bb4em|4em|4em|4em|false|false\u00a0\u00bb global_colors_info=\u00a0\u00bb{}\u00a0\u00bb][et_pb_text module_class=\u00a0\u00bbtexte-centre\u00a0\u00bb _builder_version=\u00a0\u00bb4.27.4&Prime; _module_preset=\u00a0\u00bbdefault\u00a0\u00bb background_color=\u00a0\u00bbRGBA(255,255,255,0)\u00a0\u00bb z_index=\u00a0\u00bb0&Prime; width=\u00a0\u00bb100%\u00a0\u00bb module_alignment=\u00a0\u00bbcenter\u00a0\u00bb custom_margin=\u00a0\u00bb||||false|false\u00a0\u00bb custom_padding=\u00a0\u00bb||2em||false|false\u00a0\u00bb global_colors_info=\u00a0\u00bb{}\u00a0\u00bb]<\/p>\n<h2>Le Moulin du sud<\/h2>\n<p>[\/et_pb_text][\/et_pb_column][\/et_pb_row][\/et_pb_section][et_pb_section fb_built=\u00a0\u00bb1&Prime; _builder_version=\u00a0\u00bb4.27.4&Prime; _module_preset=\u00a0\u00bbdefault\u00a0\u00bb background_color=\u00a0\u00bbRGBA(255,255,255,0)\u00a0\u00bb global_colors_info=\u00a0\u00bb{}\u00a0\u00bb][et_pb_row column_structure=\u00a0\u00bb3_5,2_5&Prime; make_equal=\u00a0\u00bbon\u00a0\u00bb _builder_version=\u00a0\u00bb4.27.4&Prime; _module_preset=\u00a0\u00bbdefault\u00a0\u00bb custom_css_main_element=\u00a0\u00bbalign-items: center;\u00a0\u00bb global_colors_info=\u00a0\u00bb{}\u00a0\u00bb][et_pb_column type=\u00a0\u00bb3_5&Prime; _builder_version=\u00a0\u00bb4.27.4&Prime; _module_preset=\u00a0\u00bbdefault\u00a0\u00bb global_colors_info=\u00a0\u00bb{}\u00a0\u00bb][et_pb_text _builder_version=\u00a0\u00bb4.27.4&Prime; _module_preset=\u00a0\u00bbdefault\u00a0\u00bb global_colors_info=\u00a0\u00bb{}\u00a0\u00bb]<\/p>\n<p style=\"text-align: justify;\">En 2021, face aux conditions indignes d\u2019accueil et d\u2019accompagnement propos\u00e9es aux personnes en situation d\u2019exil sur le territoire girondin comme ailleurs au niveau national, il y a eu ce besoin d\u2019agir pour pallier les d\u00e9sengagements de nos politiques publiques. L&rsquo;initiative de d\u00e9velopper l&rsquo;accueil solidaire rural pour des personnes exil\u00e9es en partenariat avec les H\u00e9bergeurs Solidaires de Bordeaux est n\u00e9e du fort engagement de citoyen-nes, b\u00e9n\u00e9voles de l\u2019association de faire profiter de leur cadre de vie \u00e0 d\u2019autres avec cette volont\u00e9, de transformer des habitats en lieu de vie collectifs mixtes, solidaires et artistiques.<br \/>Un premier lieu de vie collectif interg\u00e9n\u00e9rationnel, mixte ouvert sur le village et ses alentours est n\u00e9 au Moulin du Sud \u00e0 G\u00e9nissac, qui accueille aujourd\u2019hui quotidiennement 4 jeunes mineurs non accompagn\u00e9s et jeunes majeurs et permet \u00e0 des jeunes ayant \u00e9t\u00e9 accueilli de revenir le temps d\u2019un week-end ou de vacances au sein d\u2019un lieu d\u2019ancrage et rep\u00e9rant affectivement.<br \/>Depuis 2021, nous exp\u00e9rimentons un mod\u00e8le d\u2019accueil inclusif et participatif, favorisant le vivre ensemble, le lien social et l\u2019autonomie. O\u00f9 le vivre ensemble devient une r\u00e9alit\u00e9 quotidienne. L\u2019accueil est pens\u00e9 comme une aventure collective, o\u00f9 chacun a sa place, o\u00f9 les liens se tissent naturellement, o\u00f9 la solidarit\u00e9 est une force. En compl\u00e9ment, nous organisons des activit\u00e9s culturelles, artistiques et \u00e9conomiques solidaires favorisant la rencontre interculturelle, impliquant associations et habitants du territoire.<\/p>\n<p>[\/et_pb_text][\/et_pb_column][et_pb_column type=\u00a0\u00bb2_5&Prime; _builder_version=\u00a0\u00bb4.27.4&Prime; _module_preset=\u00a0\u00bbdefault\u00a0\u00bb global_colors_info=\u00a0\u00bb{}\u00a0\u00bb][et_pb_text _builder_version=\u00a0\u00bb4.27.4&Prime; _module_preset=\u00a0\u00bbdefault\u00a0\u00bb animation_style=\u00a0\u00bbfade\u00a0\u00bb animation_duration=\u00a0\u00bb2500ms\u00a0\u00bb global_colors_info=\u00a0\u00bb{}\u00a0\u00bb]<\/p>\n<h1 style=\"text-align: center;\"><span style=\"color: #ffb57d;\">4<\/span><\/h1>\n<h3 style=\"text-align: center;\"><span style=\"color: #ffb57d;\">jeunes h\u00e9berg\u00e9s actuellement<\/span><\/h3>\n<p>[\/et_pb_text][et_pb_text _builder_version=\u00a0\u00bb4.27.4&Prime; _module_preset=\u00a0\u00bbdefault\u00a0\u00bb animation_style=\u00a0\u00bbfade\u00a0\u00bb animation_duration=\u00a0\u00bb2500ms\u00a0\u00bb global_colors_info=\u00a0\u00bb{}\u00a0\u00bb]<\/p>\n<h1 style=\"text-align: center;\"><span style=\"color: #ffb57d;\">16<\/span><\/h1>\n<h3 style=\"text-align: center;\"><span style=\"color: #ffb57d;\">personnes accueillies depuis 2021<\/span><\/h3>\n<p>[\/et_pb_text][\/et_pb_column][\/et_pb_row][\/et_pb_section][et_pb_section fb_built=\u00a0\u00bb1&Prime; _builder_version=\u00a0\u00bb4.27.4&Prime; _module_preset=\u00a0\u00bbdefault\u00a0\u00bb background_color=\u00a0\u00bb#ffb57d\u00a0\u00bb global_colors_info=\u00a0\u00bb{}\u00a0\u00bb][et_pb_row make_equal=\u00a0\u00bbon\u00a0\u00bb _builder_version=\u00a0\u00bb4.27.4&Prime; _module_preset=\u00a0\u00bbdefault\u00a0\u00bb width=\u00a0\u00bb65%\u00a0\u00bb custom_css_main_element=\u00a0\u00bbalign-items: center;\u00a0\u00bb global_colors_info=\u00a0\u00bb{}\u00a0\u00bb][et_pb_column type=\u00a0\u00bb4_4&Prime; _builder_version=\u00a0\u00bb4.27.4&Prime; _module_preset=\u00a0\u00bbdefault\u00a0\u00bb global_colors_info=\u00a0\u00bb{}\u00a0\u00bb][et_pb_text _builder_version=\u00a0\u00bb4.27.4&Prime; _module_preset=\u00a0\u00bbdefault\u00a0\u00bb global_colors_info=\u00a0\u00bb{}\u00a0\u00bb]<\/p>\n<h4 style=\"text-align: justify;\"><span style=\"color: #ffffff;\">Au-del\u00e0 des individus accueillis, le projet a un impact collectif et territorial fort. En cr\u00e9ant un lieu de vie collectif et interg\u00e9n\u00e9rationnel, il favorise la mixit\u00e9 sociale et le lien entre les habitants, associations et acteurs locaux, renfor\u00e7ant ainsi la coh\u00e9sion sociale et la solidarit\u00e9 sur le territoire. <\/p>\n<p>Depuis quatre ans, nous d\u00e9montrons qu\u2019un autre accueil est possible, o\u00f9 le vivre-ensemble devient une richesse. Fond\u00e9 sur l\u2019humanit\u00e9, l\u2019engagement et l\u2019espoir, ce projet incarne une vision o\u00f9 chaque voix compte et o\u00f9 la solidarit\u00e9 se traduit en actes concrets.<\/span><\/h4>\n<p>[\/et_pb_text][\/et_pb_column][\/et_pb_row][\/et_pb_section]<\/p>\n","protected":false},"excerpt":{"rendered":"<p>Le Moulin du sudEn 2021, face aux conditions indignes d\u2019accueil et d\u2019accompagnement propos\u00e9es aux personnes en situation d\u2019exil sur le territoire girondin comme ailleurs au niveau national, il y a eu ce besoin d\u2019agir pour pallier les d\u00e9sengagements de nos politiques publiques. L&rsquo;initiative de d\u00e9velopper l&rsquo;accueil solidaire rural pour des personnes exil\u00e9es en partenariat avec [&hellip;]<\/p>\n","protected":false},"author":1,"featured_media":0,"parent":0,"menu_order":0,"comment_status":"closed","ping_status":"closed","template":"","meta":{"_et_pb_use_builder":"on","_et_pb_old_content":"","_et_gb_content_width":"","footnotes":""},"class_list":["post-150","page","type-page","status-publish","hentry"],"_links":{"self":[{"href":"https:\/\/www.symphonie-equitable.fr\/index.php\/wp-json\/wp\/v2\/pages\/150","targetHints":{"allow":["GET"]}}],"collection":[{"href":"https:\/\/www.symphonie-equitable.fr\/index.php\/wp-json\/wp\/v2\/pages"}],"about":[{"href":"https:\/\/www.symphonie-equitable.fr\/index.php\/wp-json\/wp\/v2\/types\/page"}],"author":[{"embeddable":true,"href":"https:\/\/www.symphonie-equitable.fr\/index.php\/wp-json\/wp\/v2\/users\/1"}],"replies":[{"embeddable":true,"href":"https:\/\/www.symphonie-equitable.fr\/index.php\/wp-json\/wp\/v2\/comments?post=150"}],"version-history":[{"count":23,"href":"https:\/\/www.symphonie-equitable.fr\/index.php\/wp-json\/wp\/v2\/pages\/150\/revisions"}],"predecessor-version":[{"id":389,"href":"https:\/\/www.symphonie-equitable.fr\/index.php\/wp-json\/wp\/v2\/pages\/150\/revisions\/389"}],"wp:attachment":[{"href":"https:\/\/www.symphonie-equitable.fr\/index.php\/wp-json\/wp\/v2\/media?parent=150"}],"curies":[{"name":"wp","href":"https:\/\/api.w.org\/{rel}","templated":true}]}}